{"id":197,"date":"2024-12-04T22:19:33","date_gmt":"2024-12-04T22:19:33","guid":{"rendered":"https:\/\/dev.localwebsolutions.ch\/new-tablier\/produkt\/edelweiss-bleu-marine\/"},"modified":"2025-06-20T13:32:15","modified_gmt":"2025-06-20T13:32:15","slug":"edelweiss-bleu-marine","status":"publish","type":"product","link":"https:\/\/schweizerschuerze.ch\/fr\/produkt\/edelweiss-bleu-marine\/","title":{"rendered":"Edelweiss Bleu Marine"},"content":{"rendered":"<p>\u00c0 la mode, robuste, pratique et unique.<br \/>\n\u00c0 la mode gr\u00e2ce aux magnifiques motifs et coupes qui allient tradition et \u00e9l\u00e9gance.<br \/>\nRobuste gr\u00e2ce \u00e0 son tissu antitache.<br \/>\nIl suffit de le clipser &#8211; pas de rubans &#8211; pas de machine \u00e0 laver.<br \/>\nLe tablier est enti\u00e8rement fabriqu\u00e9 en Suisse.<br \/>\nNous travaillons en partie avec des institutions prot\u00e9g\u00e9es.<br \/>\nCe tablier est indispensable pour toute utilisation domestique ou industrielle.<\/p>\n<p>Taille: S, M, L, XL<br \/>\nLivraison gratuite en Suisse<\/p>\n","protected":false},"excerpt":{"rendered":"<p>\u00c0 la mode, robuste, pratique et unique. \u00c0 la mode gr\u00e2ce aux magnifiques motifs et coupes qui allient tradition et \u00e9l\u00e9gance. Robuste gr\u00e2ce \u00e0 son tissu antitache. Il suffit de le clipser &#8211; pas de rubans &#8211; pas de machine \u00e0 laver. Le tablier est enti\u00e8rement fabriqu\u00e9 en Suisse. Nous travaillons en partie avec des [&hellip;]<\/p>\n","protected":false},"featured_media":126,"comment_status":"open","ping_status":"closed","template":"","meta":{"_acf_changed":false,"_seopress_robots_primary_cat":"none","_seopress_titles_title":"","_seopress_titles_desc":"","_seopress_robots_index":""},"product_brand":[],"product_cat":[48,37,31],"product_tag":[],"class_list":{"0":"post-197","1":"product","2":"type-product","3":"status-publish","4":"has-post-thumbnail","6":"product_cat-femme","7":"product_cat-liquidation","8":"product_cat-tabliers","10":"first","11":"instock","12":"sale","13":"shipping-taxable","14":"purchasable","15":"product-type-simple"},"acf":[],"_links":{"self":[{"href":"https:\/\/schweizerschuerze.ch\/fr\/wp-json\/wp\/v2\/product\/197","targetHints":{"allow":["GET"]}}],"collection":[{"href":"https:\/\/schweizerschuerze.ch\/fr\/wp-json\/wp\/v2\/product"}],"about":[{"href":"https:\/\/schweizerschuerze.ch\/fr\/wp-json\/wp\/v2\/types\/product"}],"replies":[{"embeddable":true,"href":"https:\/\/schweizerschuerze.ch\/fr\/wp-json\/wp\/v2\/comments?post=197"}],"wp:featuredmedia":[{"embeddable":true,"href":"https:\/\/schweizerschuerze.ch\/fr\/wp-json\/wp\/v2\/media\/126"}],"wp:attachment":[{"href":"https:\/\/schweizerschuerze.ch\/fr\/wp-json\/wp\/v2\/media?parent=197"}],"wp:term":[{"taxonomy":"product_brand","embeddable":true,"href":"https:\/\/schweizerschuerze.ch\/fr\/wp-json\/wp\/v2\/product_brand?post=197"},{"taxonomy":"product_cat","embeddable":true,"href":"https:\/\/schweizerschuerze.ch\/fr\/wp-json\/wp\/v2\/product_cat?post=197"},{"taxonomy":"product_tag","embeddable":true,"href":"https:\/\/schweizerschuerze.ch\/fr\/wp-json\/wp\/v2\/product_tag?post=197"}],"curies":[{"name":"wp","href":"https:\/\/api.w.org\/{rel}","templated":true}]}}