{"id":678,"date":"2025-06-20T12:59:33","date_gmt":"2025-06-20T12:59:33","guid":{"rendered":"https:\/\/schweizerschuerze.ch\/modeles-pour-hommes\/"},"modified":"2026-01-15T08:34:53","modified_gmt":"2026-01-15T08:34:53","slug":"modeles-pour-hommes","status":"publish","type":"page","link":"https:\/\/schweizerschuerze.ch\/fr\/modeles-pour-hommes\/","title":{"rendered":"Mod\u00e8les pour hommes"},"content":{"rendered":"","protected":false},"excerpt":{"rendered":"","protected":false},"author":1,"featured_media":0,"parent":0,"menu_order":0,"comment_status":"closed","ping_status":"closed","template":"","meta":{"_acf_changed":false,"_seopress_robots_primary_cat":"","_seopress_titles_title":"Tabliers nobles pour hommes : \u00e9l\u00e9gants & robustes, faits main","_seopress_titles_desc":"D\u00e9couvrez des tabliers pour hommes robustes et \u00e9l\u00e9gants, fabriqu\u00e9s \u00e0 la main en Suisse dans des mat\u00e9riaux r\u00e9sistants. Parfaits pour le quotidien moderne. ","_seopress_robots_index":"","footnotes":""},"class_list":["post-678","page","type-page","status-publish","hentry"],"acf":[],"_links":{"self":[{"href":"https:\/\/schweizerschuerze.ch\/fr\/wp-json\/wp\/v2\/pages\/678","targetHints":{"allow":["GET"]}}],"collection":[{"href":"https:\/\/schweizerschuerze.ch\/fr\/wp-json\/wp\/v2\/pages"}],"about":[{"href":"https:\/\/schweizerschuerze.ch\/fr\/wp-json\/wp\/v2\/types\/page"}],"author":[{"embeddable":true,"href":"https:\/\/schweizerschuerze.ch\/fr\/wp-json\/wp\/v2\/users\/1"}],"replies":[{"embeddable":true,"href":"https:\/\/schweizerschuerze.ch\/fr\/wp-json\/wp\/v2\/comments?post=678"}],"version-history":[{"count":1,"href":"https:\/\/schweizerschuerze.ch\/fr\/wp-json\/wp\/v2\/pages\/678\/revisions"}],"predecessor-version":[{"id":682,"href":"https:\/\/schweizerschuerze.ch\/fr\/wp-json\/wp\/v2\/pages\/678\/revisions\/682"}],"wp:attachment":[{"href":"https:\/\/schweizerschuerze.ch\/fr\/wp-json\/wp\/v2\/media?parent=678"}],"curies":[{"name":"wp","href":"https:\/\/api.w.org\/{rel}","templated":true}]}}