{"id":677,"date":"2025-06-20T13:01:01","date_gmt":"2025-06-20T13:01:01","guid":{"rendered":"https:\/\/schweizerschuerze.ch\/modeles-pour-femmes\/"},"modified":"2026-01-15T08:34:30","modified_gmt":"2026-01-15T08:34:30","slug":"modeles-pour-femmes","status":"publish","type":"page","link":"https:\/\/schweizerschuerze.ch\/fr\/modeles-pour-femmes\/","title":{"rendered":"Mod\u00e8les pour femmes"},"content":{"rendered":"","protected":false},"excerpt":{"rendered":"","protected":false},"author":1,"featured_media":0,"parent":0,"menu_order":0,"comment_status":"closed","ping_status":"closed","template":"","meta":{"_acf_changed":false,"_seopress_robots_primary_cat":"","_seopress_titles_title":"Tabliers \u00e9l\u00e9gants : styl\u00e9s & fonctionnels pour les femmes","_seopress_titles_desc":"D\u00e9couvrez des tabliers pour femmes \u00e9l\u00e9gants, fabriqu\u00e9s \u00e0 la main en Suisse. L'\u00e9l\u00e9gance et la fonctionnalit\u00e9 r\u00e9unies dans des tissus de qualit\u00e9. ","_seopress_robots_index":"","footnotes":""},"class_list":["post-677","page","type-page","status-publish","hentry"],"acf":[],"_links":{"self":[{"href":"https:\/\/schweizerschuerze.ch\/fr\/wp-json\/wp\/v2\/pages\/677","targetHints":{"allow":["GET"]}}],"collection":[{"href":"https:\/\/schweizerschuerze.ch\/fr\/wp-json\/wp\/v2\/pages"}],"about":[{"href":"https:\/\/schweizerschuerze.ch\/fr\/wp-json\/wp\/v2\/types\/page"}],"author":[{"embeddable":true,"href":"https:\/\/schweizerschuerze.ch\/fr\/wp-json\/wp\/v2\/users\/1"}],"replies":[{"embeddable":true,"href":"https:\/\/schweizerschuerze.ch\/fr\/wp-json\/wp\/v2\/comments?post=677"}],"version-history":[{"count":1,"href":"https:\/\/schweizerschuerze.ch\/fr\/wp-json\/wp\/v2\/pages\/677\/revisions"}],"predecessor-version":[{"id":681,"href":"https:\/\/schweizerschuerze.ch\/fr\/wp-json\/wp\/v2\/pages\/677\/revisions\/681"}],"wp:attachment":[{"href":"https:\/\/schweizerschuerze.ch\/fr\/wp-json\/wp\/v2\/media?parent=677"}],"curies":[{"name":"wp","href":"https:\/\/api.w.org\/{rel}","templated":true}]}}