{"id":458,"date":"2025-02-07T20:56:39","date_gmt":"2025-02-07T20:56:39","guid":{"rendered":"https:\/\/schweizerschuerze.ch\/?page_id=458"},"modified":"2025-12-24T13:29:02","modified_gmt":"2025-12-24T13:29:02","slug":"page-daccueil-2","status":"publish","type":"page","link":"https:\/\/schweizerschuerze.ch\/fr\/","title":{"rendered":"Page d&rsquo;accueil"},"content":{"rendered":"","protected":false},"excerpt":{"rendered":"","protected":false},"author":1,"featured_media":0,"parent":0,"menu_order":0,"comment_status":"closed","ping_status":"closed","template":"","meta":{"_acf_changed":false,"_seopress_robots_primary_cat":"","_seopress_titles_title":"D\u00e9couvrir les tabliers \u00e9l\u00e9gants de l'artisanat suisse","_seopress_titles_desc":"D\u00e9couvrez d'\u00e9l\u00e9gants tabliers en coton enduit qui offrent style et praticit\u00e9 au quotidien. L'artisanat suisse rencontre l'innovation. ","_seopress_robots_index":"","footnotes":""},"class_list":["post-458","page","type-page","status-publish","hentry"],"acf":[],"_links":{"self":[{"href":"https:\/\/schweizerschuerze.ch\/fr\/wp-json\/wp\/v2\/pages\/458","targetHints":{"allow":["GET"]}}],"collection":[{"href":"https:\/\/schweizerschuerze.ch\/fr\/wp-json\/wp\/v2\/pages"}],"about":[{"href":"https:\/\/schweizerschuerze.ch\/fr\/wp-json\/wp\/v2\/types\/page"}],"author":[{"embeddable":true,"href":"https:\/\/schweizerschuerze.ch\/fr\/wp-json\/wp\/v2\/users\/1"}],"replies":[{"embeddable":true,"href":"https:\/\/schweizerschuerze.ch\/fr\/wp-json\/wp\/v2\/comments?post=458"}],"version-history":[{"count":4,"href":"https:\/\/schweizerschuerze.ch\/fr\/wp-json\/wp\/v2\/pages\/458\/revisions"}],"predecessor-version":[{"id":1051,"href":"https:\/\/schweizerschuerze.ch\/fr\/wp-json\/wp\/v2\/pages\/458\/revisions\/1051"}],"wp:attachment":[{"href":"https:\/\/schweizerschuerze.ch\/fr\/wp-json\/wp\/v2\/media?parent=458"}],"curies":[{"name":"wp","href":"https:\/\/api.w.org\/{rel}","templated":true}]}}