{"id":71,"date":"2024-12-04T22:21:43","date_gmt":"2024-12-04T22:21:43","guid":{"rendered":"https:\/\/dev.localwebsolutions.ch\/new-tablier\/?post_type=product&#038;p=71"},"modified":"2025-06-20T09:12:49","modified_gmt":"2025-06-20T09:12:49","slug":"dirndl-edelweiss","status":"publish","type":"product","link":"https:\/\/schweizerschuerze.ch\/de\/produkt\/dirndl-edelweiss\/","title":{"rendered":"Dirndl-Edelweiss"},"content":{"rendered":"<p>Trendig, robust, praktisch und einmalig!<br \/>\nTrendig dank dem Schnitt und tollen Designs, die Tradition mit Eleganz verbindet.<br \/>\nRobust dank schmutzabweisendem Material.<br \/>\nAnklippen \u2013 keine B\u00e4ndel \u2013 keine Waschmaschine.<br \/>\nDie Sch\u00fcrze wird vollst\u00e4ndig in der Schweiz hergestellt.<br \/>\nF\u00fcr die Produktion arbeiten wir teilweise mit Institutionen f\u00fcr Menschen mit Beeintr\u00e4chtigung zusammen.<br \/>\nDamit wird Sch\u00fcrze vom Haushalt bis zur Werkstatt unentbehrlich.<\/p>\n<p>Gr\u00f6sse: S, M, L, XL<br \/>\nGratis Versand in der Schweiz<\/p>\n","protected":false},"excerpt":{"rendered":"<p>Trendig, robust, praktisch und einmalig! Trendig dank dem Schnitt und tollen Designs, die Tradition mit Eleganz verbindet. Robust dank schmutzabweisendem Material. Anklippen \u2013 keine B\u00e4ndel \u2013 keine Waschmaschine. Die Sch\u00fcrze wird vollst\u00e4ndig in der Schweiz hergestellt. F\u00fcr die Produktion arbeiten wir teilweise mit Institutionen f\u00fcr Menschen mit Beeintr\u00e4chtigung zusammen. Damit wird Sch\u00fcrze vom Haushalt bis [&hellip;]<\/p>\n","protected":false},"featured_media":10,"comment_status":"open","ping_status":"closed","template":"","meta":{"_acf_changed":false,"_seopress_robots_primary_cat":"none","_seopress_titles_title":"Elegante und Robuste Sch\u00fcrzen \u2013 Hergestellt in der Schweiz","_seopress_titles_desc":"Erleben Sie Schweizer Handwerkskunst: Trendige Sch\u00fcrzen, robust und pflegeleicht. Unterst\u00fctzen Sie soziale Institutionen mit Ihrem Kauf. Gratis Versand in der Schweiz!","_seopress_robots_index":""},"product_brand":[],"product_cat":[44,20],"product_tag":[],"class_list":{"0":"post-71","1":"product","2":"type-product","3":"status-publish","4":"has-post-thumbnail","6":"product_cat-damen","7":"product_cat-schuerze","9":"first","10":"instock","11":"shipping-taxable","12":"purchasable","13":"product-type-simple"},"acf":[],"_links":{"self":[{"href":"https:\/\/schweizerschuerze.ch\/de\/wp-json\/wp\/v2\/product\/71","targetHints":{"allow":["GET"]}}],"collection":[{"href":"https:\/\/schweizerschuerze.ch\/de\/wp-json\/wp\/v2\/product"}],"about":[{"href":"https:\/\/schweizerschuerze.ch\/de\/wp-json\/wp\/v2\/types\/product"}],"replies":[{"embeddable":true,"href":"https:\/\/schweizerschuerze.ch\/de\/wp-json\/wp\/v2\/comments?post=71"}],"wp:featuredmedia":[{"embeddable":true,"href":"https:\/\/schweizerschuerze.ch\/de\/wp-json\/wp\/v2\/media\/10"}],"wp:attachment":[{"href":"https:\/\/schweizerschuerze.ch\/de\/wp-json\/wp\/v2\/media?parent=71"}],"wp:term":[{"taxonomy":"product_brand","embeddable":true,"href":"https:\/\/schweizerschuerze.ch\/de\/wp-json\/wp\/v2\/product_brand?post=71"},{"taxonomy":"product_cat","embeddable":true,"href":"https:\/\/schweizerschuerze.ch\/de\/wp-json\/wp\/v2\/product_cat?post=71"},{"taxonomy":"product_tag","embeddable":true,"href":"https:\/\/schweizerschuerze.ch\/de\/wp-json\/wp\/v2\/product_tag?post=71"}],"curies":[{"name":"wp","href":"https:\/\/api.w.org\/{rel}","templated":true}]}}