{"id":656,"date":"2025-06-20T12:59:33","date_gmt":"2025-06-20T12:59:33","guid":{"rendered":"https:\/\/schweizerschuerze.ch\/?page_id=656"},"modified":"2026-01-15T08:32:09","modified_gmt":"2026-01-15T08:32:09","slug":"herren-modelle","status":"publish","type":"page","link":"https:\/\/schweizerschuerze.ch\/de\/herren-modelle\/","title":{"rendered":"Herren-Modelle"},"content":{"rendered":"","protected":false},"excerpt":{"rendered":"","protected":false},"author":1,"featured_media":0,"parent":0,"menu_order":0,"comment_status":"closed","ping_status":"closed","template":"","meta":{"_acf_changed":false,"_seopress_robots_primary_cat":"","_seopress_titles_title":"Edle Herrensch\u00fcrzen: Stilvoll & robust, handgefertigt","_seopress_titles_desc":"Entdecken Sie robuste und elegante Herrensch\u00fcrzen, handgefertigt in der Schweiz aus widerstandsf\u00e4higem Material. Perfekt f\u00fcr den modernen Alltag.","_seopress_robots_index":"","footnotes":""},"class_list":["post-656","page","type-page","status-publish","hentry"],"acf":[],"_links":{"self":[{"href":"https:\/\/schweizerschuerze.ch\/de\/wp-json\/wp\/v2\/pages\/656","targetHints":{"allow":["GET"]}}],"collection":[{"href":"https:\/\/schweizerschuerze.ch\/de\/wp-json\/wp\/v2\/pages"}],"about":[{"href":"https:\/\/schweizerschuerze.ch\/de\/wp-json\/wp\/v2\/types\/page"}],"author":[{"embeddable":true,"href":"https:\/\/schweizerschuerze.ch\/de\/wp-json\/wp\/v2\/users\/1"}],"replies":[{"embeddable":true,"href":"https:\/\/schweizerschuerze.ch\/de\/wp-json\/wp\/v2\/comments?post=656"}],"version-history":[{"count":7,"href":"https:\/\/schweizerschuerze.ch\/de\/wp-json\/wp\/v2\/pages\/656\/revisions"}],"predecessor-version":[{"id":1072,"href":"https:\/\/schweizerschuerze.ch\/de\/wp-json\/wp\/v2\/pages\/656\/revisions\/1072"}],"wp:attachment":[{"href":"https:\/\/schweizerschuerze.ch\/de\/wp-json\/wp\/v2\/media?parent=656"}],"curies":[{"name":"wp","href":"https:\/\/api.w.org\/{rel}","templated":true}]}}