{"id":631,"date":"2025-06-20T13:01:01","date_gmt":"2025-06-20T13:01:01","guid":{"rendered":"https:\/\/schweizerschuerze.ch\/?page_id=631"},"modified":"2026-01-15T08:30:54","modified_gmt":"2026-01-15T08:30:54","slug":"damen-modelle","status":"publish","type":"page","link":"https:\/\/schweizerschuerze.ch\/de\/damen-modelle\/","title":{"rendered":"Damen-Modelle"},"content":{"rendered":"","protected":false},"excerpt":{"rendered":"","protected":false},"author":1,"featured_media":0,"parent":0,"menu_order":0,"comment_status":"closed","ping_status":"closed","template":"","meta":{"_acf_changed":false,"_seopress_robots_primary_cat":"","_seopress_titles_title":"Elegante Sch\u00fcrzen: Stilvoll & funktional f\u00fcr Damen","_seopress_titles_desc":"Entdecken Sie stilvolle, handgefertigte Damensch\u00fcrzen aus der Schweiz. Eleganz und Funktionalit\u00e4t vereint in hochwertigen Stoffen.","_seopress_robots_index":"","footnotes":""},"class_list":["post-631","page","type-page","status-publish","hentry"],"acf":[],"_links":{"self":[{"href":"https:\/\/schweizerschuerze.ch\/de\/wp-json\/wp\/v2\/pages\/631","targetHints":{"allow":["GET"]}}],"collection":[{"href":"https:\/\/schweizerschuerze.ch\/de\/wp-json\/wp\/v2\/pages"}],"about":[{"href":"https:\/\/schweizerschuerze.ch\/de\/wp-json\/wp\/v2\/types\/page"}],"author":[{"embeddable":true,"href":"https:\/\/schweizerschuerze.ch\/de\/wp-json\/wp\/v2\/users\/1"}],"replies":[{"embeddable":true,"href":"https:\/\/schweizerschuerze.ch\/de\/wp-json\/wp\/v2\/comments?post=631"}],"version-history":[{"count":26,"href":"https:\/\/schweizerschuerze.ch\/de\/wp-json\/wp\/v2\/pages\/631\/revisions"}],"predecessor-version":[{"id":1071,"href":"https:\/\/schweizerschuerze.ch\/de\/wp-json\/wp\/v2\/pages\/631\/revisions\/1071"}],"wp:attachment":[{"href":"https:\/\/schweizerschuerze.ch\/de\/wp-json\/wp\/v2\/media?parent=631"}],"curies":[{"name":"wp","href":"https:\/\/api.w.org\/{rel}","templated":true}]}}